{"id":21905,"date":"2024-02-13T17:19:40","date_gmt":"2024-02-13T16:19:40","guid":{"rendered":"https:\/\/www.sailinkcharter.it\/yatra-dziekujemy\/"},"modified":"2025-04-17T10:17:02","modified_gmt":"2025-04-17T08:17:02","slug":"yatra-dziekujemy","status":"publish","type":"page","link":"https:\/\/www.sailinkcharter.it\/pl\/yatra-dziekujemy\/","title":{"rendered":"Yatra Dzi\u0119kujemy"},"content":{"rendered":"<p>Rezerwacja zosta\u0142a potwierdzona. Wkr\u00f3tce skontaktujemy si\u0119 z Tob\u0105.<\/p>\n","protected":false},"excerpt":{"rendered":"<p>Rezerwacja zosta\u0142a potwierdzona. Wkr\u00f3tce skontaktujemy si\u0119 z Tob\u0105.<\/p>\n","protected":false},"author":1,"featured_media":0,"parent":0,"menu_order":0,"comment_status":"closed","ping_status":"closed","template":"","meta":{"footnotes":""},"class_list":["post-21905","page","type-page","status-publish","hentry","layout-1","product-add-to-cart-ajax"],"_links":{"self":[{"href":"https:\/\/www.sailinkcharter.it\/pl\/wp-json\/wp\/v2\/pages\/21905","targetHints":{"allow":["GET"]}}],"collection":[{"href":"https:\/\/www.sailinkcharter.it\/pl\/wp-json\/wp\/v2\/pages"}],"about":[{"href":"https:\/\/www.sailinkcharter.it\/pl\/wp-json\/wp\/v2\/types\/page"}],"author":[{"embeddable":true,"href":"https:\/\/www.sailinkcharter.it\/pl\/wp-json\/wp\/v2\/users\/1"}],"replies":[{"embeddable":true,"href":"https:\/\/www.sailinkcharter.it\/pl\/wp-json\/wp\/v2\/comments?post=21905"}],"version-history":[{"count":1,"href":"https:\/\/www.sailinkcharter.it\/pl\/wp-json\/wp\/v2\/pages\/21905\/revisions"}],"predecessor-version":[{"id":21906,"href":"https:\/\/www.sailinkcharter.it\/pl\/wp-json\/wp\/v2\/pages\/21905\/revisions\/21906"}],"wp:attachment":[{"href":"https:\/\/www.sailinkcharter.it\/pl\/wp-json\/wp\/v2\/media?parent=21905"}],"curies":[{"name":"wp","href":"https:\/\/api.w.org\/{rel}","templated":true}]}}