{"id":21901,"date":"2024-02-13T17:19:40","date_gmt":"2024-02-13T16:19:40","guid":{"rendered":"https:\/\/www.sailinkcharter.it\/echec-de-la-transaction-yatra\/"},"modified":"2025-04-17T10:17:00","modified_gmt":"2025-04-17T08:17:00","slug":"echec-de-la-transaction-yatra","status":"publish","type":"page","link":"https:\/\/www.sailinkcharter.it\/fr\/echec-de-la-transaction-yatra\/","title":{"rendered":"\u00c9chec de la transaction Yatra"},"content":{"rendered":"<p>Votre transaction a \u00e9chou\u00e9, veuillez r\u00e9essayer ou contacter l&#8217;assistance du site.<\/p>\n","protected":false},"excerpt":{"rendered":"<p>Votre transaction a \u00e9chou\u00e9, veuillez r\u00e9essayer ou contacter l&#8217;assistance du site.<\/p>\n","protected":false},"author":1,"featured_media":0,"parent":0,"menu_order":0,"comment_status":"closed","ping_status":"closed","template":"","meta":{"footnotes":""},"class_list":["post-21901","page","type-page","status-publish","hentry","layout-1","product-add-to-cart-ajax"],"_links":{"self":[{"href":"https:\/\/www.sailinkcharter.it\/fr\/wp-json\/wp\/v2\/pages\/21901","targetHints":{"allow":["GET"]}}],"collection":[{"href":"https:\/\/www.sailinkcharter.it\/fr\/wp-json\/wp\/v2\/pages"}],"about":[{"href":"https:\/\/www.sailinkcharter.it\/fr\/wp-json\/wp\/v2\/types\/page"}],"author":[{"embeddable":true,"href":"https:\/\/www.sailinkcharter.it\/fr\/wp-json\/wp\/v2\/users\/1"}],"replies":[{"embeddable":true,"href":"https:\/\/www.sailinkcharter.it\/fr\/wp-json\/wp\/v2\/comments?post=21901"}],"version-history":[{"count":1,"href":"https:\/\/www.sailinkcharter.it\/fr\/wp-json\/wp\/v2\/pages\/21901\/revisions"}],"predecessor-version":[{"id":21904,"href":"https:\/\/www.sailinkcharter.it\/fr\/wp-json\/wp\/v2\/pages\/21901\/revisions\/21904"}],"wp:attachment":[{"href":"https:\/\/www.sailinkcharter.it\/fr\/wp-json\/wp\/v2\/media?parent=21901"}],"curies":[{"name":"wp","href":"https:\/\/api.w.org\/{rel}","templated":true}]}}