{"id":21929,"date":"2024-02-13T17:19:40","date_gmt":"2024-02-13T16:19:40","guid":{"rendered":"https:\/\/www.sailinkcharter.it\/transakce-yatra-selhala\/"},"modified":"2025-04-17T10:17:20","modified_gmt":"2025-04-17T08:17:20","slug":"transakce-yatra-selhala","status":"publish","type":"page","link":"https:\/\/www.sailinkcharter.it\/cs\/transakce-yatra-selhala\/","title":{"rendered":"Transakce Yatra selhala"},"content":{"rendered":"<p>Va\u0161e transakce se nezda\u0159ila, zkuste to pros\u00edm znovu nebo kontaktujte podporu webu.<\/p>\n","protected":false},"excerpt":{"rendered":"<p>Va\u0161e transakce se nezda\u0159ila, zkuste to pros\u00edm znovu nebo kontaktujte podporu webu.<\/p>\n","protected":false},"author":1,"featured_media":0,"parent":0,"menu_order":0,"comment_status":"closed","ping_status":"closed","template":"","meta":{"footnotes":""},"class_list":["post-21929","page","type-page","status-publish","hentry","layout-1","product-add-to-cart-ajax"],"_links":{"self":[{"href":"https:\/\/www.sailinkcharter.it\/cs\/wp-json\/wp\/v2\/pages\/21929","targetHints":{"allow":["GET"]}}],"collection":[{"href":"https:\/\/www.sailinkcharter.it\/cs\/wp-json\/wp\/v2\/pages"}],"about":[{"href":"https:\/\/www.sailinkcharter.it\/cs\/wp-json\/wp\/v2\/types\/page"}],"author":[{"embeddable":true,"href":"https:\/\/www.sailinkcharter.it\/cs\/wp-json\/wp\/v2\/users\/1"}],"replies":[{"embeddable":true,"href":"https:\/\/www.sailinkcharter.it\/cs\/wp-json\/wp\/v2\/comments?post=21929"}],"version-history":[{"count":1,"href":"https:\/\/www.sailinkcharter.it\/cs\/wp-json\/wp\/v2\/pages\/21929\/revisions"}],"predecessor-version":[{"id":21930,"href":"https:\/\/www.sailinkcharter.it\/cs\/wp-json\/wp\/v2\/pages\/21929\/revisions\/21930"}],"wp:attachment":[{"href":"https:\/\/www.sailinkcharter.it\/cs\/wp-json\/wp\/v2\/media?parent=21929"}],"curies":[{"name":"wp","href":"https:\/\/api.w.org\/{rel}","templated":true}]}}